{"id":1167,"date":"2024-10-25T08:07:13","date_gmt":"2024-10-25T08:07:13","guid":{"rendered":"https:\/\/entrelahabanaymadrid.com\/?page_id=1167"},"modified":"2024-11-13T16:48:42","modified_gmt":"2024-11-13T16:48:42","slug":"descubre-alcala-de-henares-con-un-alcalaino","status":"publish","type":"page","link":"https:\/\/entrelahabanaymadrid.com\/index.php\/descubre-alcala-de-henares-con-un-alcalaino\/","title":{"rendered":"\u00abDescubre Alcal\u00e1 de Henares con un alcala\u00edno\u00bb"},"content":{"rendered":"\n<p><strong>Alcal\u00e1 de Henares<\/strong> es una ciudad de la Comunidad de Madrid, situada a unos treinta kil\u00f3metros de la capital. Cuenta con una poblaci\u00f3n cercana a los doscientos mil habitantes y una superficie de ochenta y ocho kil\u00f3metros cuadrados. Es el tercer municipio m\u00e1s poblado de toda la Comunidad, tras Madrid y M\u00f3stoles. &nbsp;Est\u00e1 situada en la cuenca del r\u00edo Henares y su nombre significa precisamente eso, <strong>\u201ccastillo sobre el r\u00edo Henares\u201d.<\/strong><\/p>\n\n\n\n<p><strong>Alcal\u00e1 de Henares<\/strong> fue declarada por la Unesco Ciudad Patrimonio Mundial, gracias, entre otras muchas virtudes, a su recinto hist\u00f3rico y rectorado de Universidad. Es una de las nueve ciudades de Espa\u00f1a calificadas como <strong><em>\u00fanicas, <\/em><\/strong>una ciudad adaptada al turismo, con una gran oferta hotelera y de restauraci\u00f3n. Alcal\u00e1 es parada obligada para todos aquellos viajeros que quieran disfrutar de un entorno hist\u00f3rico y cultural sin igual.<\/p>\n\n\n\n<div style=\"height:47px\" aria-hidden=\"true\" class=\"wp-block-spacer\"><\/div>\n\n\n\n<p><strong>ITINERARIO TUR\u00cdSTICO<\/strong>&nbsp;&nbsp;&nbsp;&nbsp;&nbsp;&nbsp;&nbsp;&nbsp;&nbsp;&nbsp;&nbsp;&nbsp;&nbsp;&nbsp;&nbsp;&nbsp;&nbsp;&nbsp;<\/p>\n\n\n\n<p>El punto de encuentro de la visita guiada ser\u00e1 en la estaci\u00f3n de Renfe. Alcal\u00e1 de Henares tiene tres paradas: La Garena, Alcal\u00e1 y Alcal\u00e1 Universidad. Si vienen en tren de cercan\u00edas se deber\u00e1 bajar en la segunda, Alcal\u00e1.<\/p>\n\n\n\n<p>Tristemente, Alcal\u00e1 de Henares sufri\u00f3 en primera persona los atentados del 11-M. Fueron muchas las personas que aquella fat\u00eddica ma\u00f1ana cogieron el tren para ir a sus quehaceres cotidianos encontrando la muerte o secuelas f\u00edsicas y mentales que perduran en el recuerdo de todos. Para conmemorar el hecho, se erigi\u00f3 un monumento en recuerdo a todas las v\u00edctimas.<\/p>\n\n\n\n<p>Bajaremos por el Paseo de la Estaci\u00f3n, llegamos al<strong> Palacete de Laredo<\/strong>. Fue construido en el siglo XIX por el arquitecto y alcalde de Alcal\u00e1, Manuel Jos\u00e9 Laredo y Ordo\u00f1o. El edificio destaca entre toda la expansi\u00f3n urban\u00edstica actual ya que es raro encontrar un estilo arquitect\u00f3nico neomudejar entre modernas construcciones.<\/p>\n\n\n\n<p>Seguido llegaremos a la Fuente de los Cuatro Ca\u00f1os, emblem\u00e1tica de la ciudad y nos pilla de camino al centro hist\u00f3rico de la ciudad. Se vio envuelta en la pol\u00e9mica hace unos a\u00f1os cuando se reubic\u00f3 unos veinte metros hacia el interior de la plaza con el fin de hacer una rotonda que aliviara el tr\u00e1fico de la zona.<\/p>\n\n\n\n<p>En la <strong>Calle Libreros <\/strong>nos adentramos en centro hist\u00f3rico (peatonal) y a la zona hist\u00f3rica de Complutum. Es una de las arterias principales del casco hist\u00f3rico de la ciudad. En la actualidad est\u00e1 peatonalizada y es la antesala a la famosa Plaza de Cervantes.&nbsp;<\/p>\n\n\n\n<p>En el recorrido visitaremos la Iglesia de <strong>Santa Mar\u00eda<\/strong> y contemplaremos su fachada, el interior (si no hay ceremonia) y el primero de los muchos nidos de cig\u00fce\u00f1a que hay en la ciudad. Si no se sufre de v\u00e9rtigo, subiremos hasta lo alto de la torre de Santa Mar\u00eda para tener una panor\u00e1mica incre\u00edble de la plaza, as\u00ed como de todas las torres de la ciudad.<\/p>\n\n\n\n<p>Caminaremos la calle mayor y <strong>pararemos para la Fotograf\u00eda t\u00edpica de Alcal\u00e1 junto a Don Quijote y Sancho Panza<\/strong>, entraremos a la t\u00edpica Casa de <a href=\"https:\/\/www.ivoox.com\/vdla-miguel-cervantes-audios-mp3_rf_4678466_1.html\" target=\"_blank\" rel=\"noopener\" title=\"\">Cervantes<\/a> para visitar el interior, hablaremos sobre el Barrio Jud\u00edo y la casa de Manuel Aza\u00f1a.<\/p>\n\n\n\n<p>La Universidad Cisneriana que fue fundada en 1499 por el Cardenal Cisneros, es uno de los emblemas de la ciudad. Su fachada es reconocida mundialmente y, en su interior, cada a\u00f1o, los Reyes de Espa\u00f1a entregan a un escritor el Premio Cervantes. A la derecha, vemos el antiguo cuartel de artiller\u00eda Pr\u00edncipe de Lepanto, reconvertido hoy en biblioteca universitaria.<\/p>\n\n\n\n<p>La Capilla de San Ildefonso, Anexa a la Universidad, es el recinto m\u00e1s antiguo de todos los conservados y la l\u00e1pida del Cardenal Cisneros; Excelente ejemplo de la escultura funeraria renacentista. Es de m\u00e1rmol de Carrara, el mismo material con el que se esculpi\u00f3 La Piedad de Miguel \u00c1ngel.<\/p>\n\n\n\n<p>Luego de tres horas de charla, visitas terminaremos el recorrido con una copa de vino o cerveza para disfrutar el tapeo de la ciudad.<\/p>\n\n\n\n<div style=\"height:36px\" aria-hidden=\"true\" class=\"wp-block-spacer\"><\/div>\n\n\n\n<p class=\"has-text-align-center has-text-color has-source-serif-pro-font-family\" style=\"color:#d8a557;font-size:clamp(28.836px, 1.802rem + ((1vw - 3.2px) * 2.205), 50px);font-style:italic;font-weight:900;letter-spacing:-4px;line-height:0.8;text-transform:none\"><a href=\"https:\/\/entrelahabanaymadrid.com\/index.php\/2024\/ecce-homo\/\" target=\"_blank\" rel=\"noopener\" title=\"\">EXCURSIONES CERCA DE ALCAL\u00c1 HENARES<\/a><\/p>\n\n\n\n<div style=\"height:52px\" aria-hidden=\"true\" class=\"wp-block-spacer\"><\/div>\n\n\n\n<h2 class=\"wp-block-heading\">\u00bf<strong>Qu\u00e9 har\u00e1s<\/strong> en detalle?<\/h2>\n\n\n\n<p>Lo primero relajarte, si has contratado el tour con recogida en tu alojamiento en Madrid o alrededores pasaremos por ti y durante el trayecto te iremos dando algunos tips de Madrid y los alrededores. <\/p>\n\n\n\n<p>Si no has contratado el tour con recogida en tu alojamiento, no te preocupes te explicaremos como llegar hasta Alcal\u00e1 de Henares en transporte p\u00fablico y te iremos a recoger a la Estaci\u00f3n donde comienza el tour.<\/p>\n\n\n\n<p>Recorrer\u00e1s las calles de la ciudad natal de Miguel de Cervantes con un alcala\u00edno; hacerlo con un nativo siempre tiene su plus; te mostrar\u00e9 algunos secretos ocultos y terminaremos degustando una tapa en alguno de los bares t\u00edpicos de la ciudad. <\/p>\n\n\n\n<p><strong>Duraci\u00f3n:<\/strong> &nbsp;Unas 5 horas aproximadamente, 2 horas caminando. <\/p>\n\n\n\n<div style=\"height:30px\" aria-hidden=\"true\" class=\"wp-block-spacer\"><\/div>\n\n\n\n<h3 class=\"wp-block-heading\">\u00bfQu\u00e9 incluye?<\/h3>\n\n\n\n<ul class=\"wp-block-list\">\n<li>Tour privado <\/li>\n\n\n\n<li>Tour guiado de Alcal\u00e1 de Henares con un Alcala\u00edno . <\/li>\n\n\n\n<li>Subida a la Torre de Santa Mar\u00eda. <\/li>\n\n\n\n<li>Entrada al Museo Casa Natal de la Casa de Cervantes.<\/li>\n\n\n\n<li>Una consumici\u00f3n (agua, refresco, cerveza, vino) y tapa.<\/li>\n\n\n\n<li>Asesoramiento y ayuda para reservar en un restaurante.<\/li>\n\n\n\n<li>Servicio de recogida y regreso a vuestro hotel (si seleccionas la opci\u00f3n). <\/li>\n<\/ul>\n\n\n\n<div style=\"height:22px\" aria-hidden=\"true\" class=\"wp-block-spacer\"><\/div>\n\n\n\n<h3 class=\"wp-block-heading\">No incluye<\/h3>\n\n\n\n<ul class=\"wp-block-list\">\n<li>Traslados, si no seleccionaste esta opci\u00f3n. <\/li>\n\n\n\n<li>Comidas. <\/li>\n<\/ul>\n\n\n\n<div style=\"height:28px\" aria-hidden=\"true\" class=\"wp-block-spacer\"><\/div>\n\n\n\n<h2 class=\"wp-block-heading has-text-align-center\">Si tienes cualquier duda con este tour, las rutas de senderismo por Alcal\u00e1 de Henares o sobre nuestras asesor\u00edas de viajes, cont\u00e1ctanos. <\/h2>\n\n\n\n<div style=\"height:100px\" aria-hidden=\"true\" class=\"wp-block-spacer\"><\/div>\n\n\n<div class=\"frm_forms  with_frm_style frm_style_estilo-de-formidable\" id=\"frm_form_1_container\" >\n<form enctype=\"multipart\/form-data\" method=\"post\" class=\"frm-show-form \" id=\"form_contact-form\" >\n<div class=\"frm_form_fields \">\n<fieldset>\n<legend class=\"frm_screen_reader\">Contact Us<\/legend>\n\n<div class=\"frm_fields_container\">\n<input type=\"hidden\" name=\"frm_action\" value=\"create\" \/>\n<input type=\"hidden\" name=\"form_id\" value=\"1\" \/>\n<input type=\"hidden\" name=\"frm_hide_fields_1\" id=\"frm_hide_fields_1\" value=\"\" \/>\n<input type=\"hidden\" name=\"form_key\" value=\"contact-form\" \/>\n<input type=\"hidden\" name=\"item_meta[0]\" value=\"\" \/>\n<input type=\"hidden\" id=\"frm_submit_entry_1\" name=\"frm_submit_entry_1\" value=\"9cd4c3fb0e\" \/><input type=\"hidden\" name=\"_wp_http_referer\" value=\"\/index.php\/wp-json\/wp\/v2\/pages\/1167\" \/><div id=\"frm_field_1_container\" class=\"frm_form_field form-field  frm_required_field frm_top_container frm_first frm_half\">\n\t<label for=\"field_qh4icy\" id=\"field_qh4icy_label\" class=\"frm_primary_label\">Name\n\t\t<span class=\"frm_required\" aria-hidden=\"true\">*<\/span>\n\t<\/label>\n\t<input type=\"text\" id=\"field_qh4icy\" name=\"item_meta[1]\" value=\"\"  data-reqmsg=\"Name no puede estar en blanco.\" aria-required=\"true\" data-invmsg=\"Name no es v\u00e1lido\" aria-invalid=\"false\"   aria-describedby=\"frm_desc_field_qh4icy\"\/>\n\t<div class=\"frm_description\" id=\"frm_desc_field_qh4icy\">First<\/div>\n\t\n<\/div>\n<div id=\"frm_field_2_container\" class=\"frm_form_field form-field  frm_required_field frm_hidden_container frm_half\">\n\t<label for=\"field_ocfup1\" id=\"field_ocfup1_label\" class=\"frm_primary_label\">Last\n\t\t<span class=\"frm_required\" aria-hidden=\"true\">*<\/span>\n\t<\/label>\n\t<input type=\"text\" id=\"field_ocfup1\" name=\"item_meta[2]\" value=\"\"  data-reqmsg=\"Last no puede estar en blanco.\" aria-required=\"true\" data-invmsg=\"Last no es v\u00e1lido\" aria-invalid=\"false\"   aria-describedby=\"frm_desc_field_ocfup1\"\/>\n\t<div class=\"frm_description\" id=\"frm_desc_field_ocfup1\">Last<\/div>\n\t\n<\/div>\n<div id=\"frm_field_3_container\" class=\"frm_form_field form-field  frm_required_field frm_top_container frm_full\">\n\t<label for=\"field_29yf4d\" id=\"field_29yf4d_label\" class=\"frm_primary_label\">Email\n\t\t<span class=\"frm_required\" aria-hidden=\"true\">*<\/span>\n\t<\/label>\n\t<input type=\"email\" id=\"field_29yf4d\" name=\"item_meta[3]\" value=\"\"  data-reqmsg=\"Email no puede estar en blanco.\" aria-required=\"true\" data-invmsg=\"Please enter a valid email address\" aria-invalid=\"false\"  \/>\n\t\n\t\n<\/div>\n<div id=\"frm_field_4_container\" class=\"frm_form_field form-field  frm_required_field frm_top_container frm_full\">\n\t<label for=\"field_e6lis6\" id=\"field_e6lis6_label\" class=\"frm_primary_label\">Subject\n\t\t<span class=\"frm_required\" aria-hidden=\"true\">*<\/span>\n\t<\/label>\n\t<input type=\"text\" id=\"field_e6lis6\" name=\"item_meta[4]\" value=\"\"  data-reqmsg=\"Subject no puede estar en blanco.\" aria-required=\"true\" data-invmsg=\"Subject no es v\u00e1lido\" aria-invalid=\"false\"  \/>\n\t\n\t\n<\/div>\n<div id=\"frm_field_5_container\" class=\"frm_form_field form-field  frm_required_field frm_top_container frm_full\">\n\t<label for=\"field_9jv0r1\" id=\"field_9jv0r1_label\" class=\"frm_primary_label\">Message\n\t\t<span class=\"frm_required\" aria-hidden=\"true\">*<\/span>\n\t<\/label>\n\t<textarea name=\"item_meta[5]\" id=\"field_9jv0r1\" rows=\"5\"  data-reqmsg=\"Message no puede estar en blanco.\" aria-required=\"true\" data-invmsg=\"Message no es v\u00e1lido\" aria-invalid=\"false\"  ><\/textarea>\n\t\n\t\n<\/div>\n\t<input type=\"hidden\" name=\"item_key\" value=\"\" \/>\n\t\t\t\t<div class=\"frm__66eb10f904c7c\">\n\t\t\t\t<label for=\"frm_email_1\" >\n\t\t\t\t\tSi eres humano, deja este campo en blanco.\t\t\t\t<\/label>\n\t\t\t\t<input  id=\"frm_email_1\" type=\"text\" class=\"frm_verify\" name=\"frm__66eb10f904c7c\" value=\"\" autocomplete=\"off\"  \/>\n\t\t\t<\/div>\n\t\t<div class=\"frm_submit frm_flex\">\n<button class=\"frm_button_submit\" type=\"submit\"  >Enviar<\/button>\n\n\n\n<\/div><\/div>\n<\/fieldset>\n<\/div>\n\n<p style=\"display: none !important;\" class=\"akismet-fields-container\" data-prefix=\"ak_\"><label>&#916;<textarea name=\"ak_hp_textarea\" cols=\"45\" rows=\"8\" maxlength=\"100\"><\/textarea><\/label><input type=\"hidden\" id=\"ak_js_1\" name=\"ak_js\" value=\"122\"\/><script>document.getElementById( \"ak_js_1\" ).setAttribute( \"value\", ( new Date() ).getTime() );<\/script><\/p><\/form>\n<\/div>\n\n\n\n<p><\/p>\n","protected":false},"excerpt":{"rendered":"<p>Alcal\u00e1 de Henares es una ciudad de la Comunidad de Madrid, situada a unos treinta kil\u00f3metros de la capital. Cuenta con una poblaci\u00f3n cercana a los doscientos mil habitantes y una superficie de ochenta y ocho kil\u00f3metros cuadrados. Es el tercer municipio m\u00e1s poblado de toda la Comunidad, tras Madrid y M\u00f3stoles. &nbsp;Est\u00e1 situada en &hellip; <\/p>\n<p class=\"link-more\"><a href=\"https:\/\/entrelahabanaymadrid.com\/index.php\/descubre-alcala-de-henares-con-un-alcalaino\/\" class=\"more-link\">Leer m\u00e1s<span class=\"screen-reader-text\"> \u00ab\u00abDescubre Alcal\u00e1 de Henares con un alcala\u00edno\u00bb\u00bb<\/span><\/a><\/p>\n","protected":false},"author":1,"featured_media":1033,"parent":0,"menu_order":0,"comment_status":"closed","ping_status":"closed","template":"","meta":{"om_disable_all_campaigns":false,"_monsterinsights_skip_tracking":false,"_monsterinsights_sitenote_active":false,"_monsterinsights_sitenote_note":"","_monsterinsights_sitenote_category":0,"footnotes":""},"class_list":["post-1167","page","type-page","status-publish","has-post-thumbnail","hentry"],"aioseo_notices":[],"featured_media_urls":{"thumbnail":["https:\/\/mlq4asw8qs53.i.optimole.com\/w:150\/h:150\/q:mauto\/rt:fill\/g:ce\/ig:avif\/https:\/\/entrelahabanaymadrid.com\/wp-content\/uploads\/2024\/04\/9494dc85-bb33-46d9-94cc-2f474475a6ac.jpg",150,150,true],"medium":["https:\/\/mlq4asw8qs53.i.optimole.com\/w:300\/h:225\/q:mauto\/ig:avif\/https:\/\/entrelahabanaymadrid.com\/wp-content\/uploads\/2024\/04\/9494dc85-bb33-46d9-94cc-2f474475a6ac.jpg",300,225,true],"medium_large":["https:\/\/mlq4asw8qs53.i.optimole.com\/w:768\/h:576\/q:mauto\/ig:avif\/https:\/\/entrelahabanaymadrid.com\/wp-content\/uploads\/2024\/04\/9494dc85-bb33-46d9-94cc-2f474475a6ac.jpg",768,576,true],"large":["https:\/\/mlq4asw8qs53.i.optimole.com\/w:1024\/h:768\/q:mauto\/ig:avif\/https:\/\/entrelahabanaymadrid.com\/wp-content\/uploads\/2024\/04\/9494dc85-bb33-46d9-94cc-2f474475a6ac.jpg",950,713,true],"1536x1536":["https:\/\/mlq4asw8qs53.i.optimole.com\/w:1440\/h:1080\/q:mauto\/ig:avif\/https:\/\/entrelahabanaymadrid.com\/wp-content\/uploads\/2024\/04\/9494dc85-bb33-46d9-94cc-2f474475a6ac.jpg",1536,1152,true],"2048x2048":["https:\/\/mlq4asw8qs53.i.optimole.com\/w:auto\/h:auto\/q:mauto\/ig:avif\/https:\/\/entrelahabanaymadrid.com\/wp-content\/uploads\/2024\/04\/9494dc85-bb33-46d9-94cc-2f474475a6ac.jpg",1600,1200,false],"inspiro-featured-image":["https:\/\/mlq4asw8qs53.i.optimole.com\/w:auto\/h:auto\/q:mauto\/ig:avif\/https:\/\/entrelahabanaymadrid.com\/wp-content\/uploads\/2024\/04\/9494dc85-bb33-46d9-94cc-2f474475a6ac.jpg",1600,1200,false],"inspiro-loop":["https:\/\/mlq4asw8qs53.i.optimole.com\/w:950\/h:320\/q:mauto\/rt:fill\/g:ce\/ig:avif\/https:\/\/entrelahabanaymadrid.com\/wp-content\/uploads\/2024\/04\/9494dc85-bb33-46d9-94cc-2f474475a6ac.jpg",950,320,true],"inspiro-loop@2x":["https:\/\/mlq4asw8qs53.i.optimole.com\/w:1600\/h:640\/q:mauto\/ig:avif\/https:\/\/entrelahabanaymadrid.com\/wp-content\/uploads\/2024\/04\/9494dc85-bb33-46d9-94cc-2f474475a6ac.jpg",1600,640,true],"portfolio_item-thumbnail":["https:\/\/mlq4asw8qs53.i.optimole.com\/w:600\/h:400\/q:mauto\/rt:fill\/g:ce\/ig:avif\/https:\/\/entrelahabanaymadrid.com\/wp-content\/uploads\/2024\/04\/9494dc85-bb33-46d9-94cc-2f474475a6ac.jpg",600,400,true],"portfolio_item-thumbnail@2x":["https:\/\/mlq4asw8qs53.i.optimole.com\/w:1200\/h:800\/q:mauto\/rt:fill\/g:ce\/ig:avif\/https:\/\/entrelahabanaymadrid.com\/wp-content\/uploads\/2024\/04\/9494dc85-bb33-46d9-94cc-2f474475a6ac.jpg",1200,800,true],"portfolio_item-masonry":["https:\/\/mlq4asw8qs53.i.optimole.com\/w:600\/h:450\/q:mauto\/ig:avif\/https:\/\/entrelahabanaymadrid.com\/wp-content\/uploads\/2024\/04\/9494dc85-bb33-46d9-94cc-2f474475a6ac.jpg",600,450,true],"portfolio_item-masonry@2x":["https:\/\/mlq4asw8qs53.i.optimole.com\/w:1200\/h:900\/q:mauto\/ig:avif\/https:\/\/entrelahabanaymadrid.com\/wp-content\/uploads\/2024\/04\/9494dc85-bb33-46d9-94cc-2f474475a6ac.jpg",1200,900,true],"portfolio_item-thumbnail_cinema":["https:\/\/mlq4asw8qs53.i.optimole.com\/w:800\/h:335\/q:mauto\/rt:fill\/g:ce\/ig:avif\/https:\/\/entrelahabanaymadrid.com\/wp-content\/uploads\/2024\/04\/9494dc85-bb33-46d9-94cc-2f474475a6ac.jpg",800,335,true],"portfolio_item-thumbnail_portrait":["https:\/\/mlq4asw8qs53.i.optimole.com\/w:600\/h:900\/q:mauto\/rt:fill\/g:ce\/ig:avif\/https:\/\/entrelahabanaymadrid.com\/wp-content\/uploads\/2024\/04\/9494dc85-bb33-46d9-94cc-2f474475a6ac.jpg",600,900,true],"portfolio_item-thumbnail_portrait@2x":["https:\/\/mlq4asw8qs53.i.optimole.com\/w:1080\/h:1080\/q:mauto\/ig:avif\/https:\/\/entrelahabanaymadrid.com\/wp-content\/uploads\/2024\/04\/9494dc85-bb33-46d9-94cc-2f474475a6ac.jpg",1200,1200,true],"portfolio_item-thumbnail_square":["https:\/\/mlq4asw8qs53.i.optimole.com\/w:800\/h:800\/q:mauto\/rt:fill\/g:ce\/ig:avif\/https:\/\/entrelahabanaymadrid.com\/wp-content\/uploads\/2024\/04\/9494dc85-bb33-46d9-94cc-2f474475a6ac.jpg",800,800,true]},"_links":{"self":[{"href":"https:\/\/entrelahabanaymadrid.com\/index.php\/wp-json\/wp\/v2\/pages\/1167","targetHints":{"allow":["GET"]}}],"collection":[{"href":"https:\/\/entrelahabanaymadrid.com\/index.php\/wp-json\/wp\/v2\/pages"}],"about":[{"href":"https:\/\/entrelahabanaymadrid.com\/index.php\/wp-json\/wp\/v2\/types\/page"}],"author":[{"embeddable":true,"href":"https:\/\/entrelahabanaymadrid.com\/index.php\/wp-json\/wp\/v2\/users\/1"}],"replies":[{"embeddable":true,"href":"https:\/\/entrelahabanaymadrid.com\/index.php\/wp-json\/wp\/v2\/comments?post=1167"}],"version-history":[{"count":14,"href":"https:\/\/entrelahabanaymadrid.com\/index.php\/wp-json\/wp\/v2\/pages\/1167\/revisions"}],"predecessor-version":[{"id":7157,"href":"https:\/\/entrelahabanaymadrid.com\/index.php\/wp-json\/wp\/v2\/pages\/1167\/revisions\/7157"}],"wp:featuredmedia":[{"embeddable":true,"href":"https:\/\/entrelahabanaymadrid.com\/index.php\/wp-json\/wp\/v2\/media\/1033"}],"wp:attachment":[{"href":"https:\/\/entrelahabanaymadrid.com\/index.php\/wp-json\/wp\/v2\/media?parent=1167"}],"curies":[{"name":"wp","href":"https:\/\/api.w.org\/{rel}","templated":true}]}}