{"id":189,"date":"2023-12-20T20:12:00","date_gmt":"2023-12-20T20:12:00","guid":{"rendered":"https:\/\/wp-royal-themes.com\/themes\/bard-free\/demo-import\/?page_id=134"},"modified":"2024-11-13T16:43:46","modified_gmt":"2024-11-13T16:43:46","slug":"contact","status":"publish","type":"page","link":"https:\/\/entrelahabanaymadrid.com\/index.php\/contact\/","title":{"rendered":"Contacto"},"content":{"rendered":"\n<p class=\"has-text-align-center has-text-color has-source-serif-pro-font-family\" style=\"color:#d8a557;font-size:clamp(28.836px, 1.802rem + ((1vw - 3.2px) * 2.205), 50px);font-style:italic;font-weight:900;line-height:0.8\">Si tienes dudas sobre alguno de los destinos o actividades que hemos realizado, o en particular con Cuba; no te cortes preg\u00fantanos. Con gusto te ayudaremos ..<\/p>\n\n\n\n<div style=\"height:41px\" aria-hidden=\"true\" class=\"wp-block-spacer\"><\/div>\n\n\n\n<div style=\"height:29px\" aria-hidden=\"true\" class=\"wp-block-spacer\"><\/div>\n\n\n\n<figure class=\"wp-block-gallery has-nested-images columns-default is-cropped wp-block-gallery-1 is-layout-flex wp-block-gallery-is-layout-flex\">\n<figure class=\"wp-block-image size-large is-style-rounded\"><img fetchpriority=\"high\" decoding=\"async\" width=\"800\" height=\"418\" data-id=\"1331\" src=\"https:\/\/mlq4asw8qs53.i.optimole.com\/w:auto\/h:auto\/q:mauto\/ig:avif\/https:\/\/entrelahabanaymadrid.com\/wp-content\/uploads\/2024\/04\/cropped-cropped-cropped-cropped-a315b7dd-69ae-4f84-80fc-f0d09d53e091-1-1-1.jpg\" alt=\"\" class=\"wp-image-1331\" srcset=\"https:\/\/mlq4asw8qs53.i.optimole.com\/w:auto\/h:auto\/q:mauto\/ig:avif\/https:\/\/entrelahabanaymadrid.com\/wp-content\/uploads\/2024\/04\/cropped-cropped-cropped-cropped-a315b7dd-69ae-4f84-80fc-f0d09d53e091-1-1-1.jpg 800w, https:\/\/mlq4asw8qs53.i.optimole.com\/w:300\/h:157\/q:mauto\/ig:avif\/https:\/\/entrelahabanaymadrid.com\/wp-content\/uploads\/2024\/04\/cropped-cropped-cropped-cropped-a315b7dd-69ae-4f84-80fc-f0d09d53e091-1-1-1.jpg 300w, https:\/\/mlq4asw8qs53.i.optimole.com\/w:768\/h:401\/q:mauto\/ig:avif\/https:\/\/entrelahabanaymadrid.com\/wp-content\/uploads\/2024\/04\/cropped-cropped-cropped-cropped-a315b7dd-69ae-4f84-80fc-f0d09d53e091-1-1-1.jpg 768w\" sizes=\"(max-width: 800px) 100vw, 800px\" \/><\/figure>\n<\/figure>\n\n\n\n<div style=\"height:38px\" aria-hidden=\"true\" class=\"wp-block-spacer\"><\/div>\n\n\n\n<p class=\"has-text-align-center has-very-light-gray-to-cyan-bluish-gray-gradient-background has-background\" style=\"font-size:clamp(14px, 0.875rem + ((1vw - 3.2px) * 0.521), 19px);\">Escr\u00edbenos a trav\u00e9s del siguiente formulario y te contestaremos por email tan r\u00e1pido como podamos. Nosotros (<strong>Maca y Gaviota)<\/strong>, te agradecemos de antemano por ponerte en contacto, estaremos encantados de ayudarte.<\/p>\n\n\n\n<div style=\"height:38px\" aria-hidden=\"true\" class=\"wp-block-spacer\"><\/div>\n\n\n<div class=\"frm_forms  with_frm_style frm_style_estilo-de-formidable\" id=\"frm_form_3_container\" data-token=\"9bc02857718edfece2d9e7c8230c3d88\">\n<form enctype=\"multipart\/form-data\" method=\"post\" class=\"frm-show-form \" id=\"form_contacto\" data-token=\"9bc02857718edfece2d9e7c8230c3d88\">\n<div class=\"frm_form_fields \">\n<fieldset>\n<legend class=\"frm_screen_reader\">CONTACTO<\/legend>\r\n\r\n<div class=\"frm_fields_container\">\n<input type=\"hidden\" name=\"frm_action\" value=\"create\" \/>\n<input type=\"hidden\" name=\"form_id\" value=\"3\" \/>\n<input type=\"hidden\" name=\"frm_hide_fields_3\" id=\"frm_hide_fields_3\" value=\"\" \/>\n<input type=\"hidden\" name=\"form_key\" value=\"contacto\" \/>\n<input type=\"hidden\" name=\"item_meta[0]\" value=\"\" \/>\n<input type=\"hidden\" id=\"frm_submit_entry_3\" name=\"frm_submit_entry_3\" value=\"ecfae3f65c\" \/><input type=\"hidden\" name=\"_wp_http_referer\" value=\"\/index.php\/wp-json\/wp\/v2\/pages\/189\" \/><div id=\"frm_field_12_container\" class=\"frm_form_field form-field  frm_top_container frm_first frm_half\">\r\n\t<label for=\"field_qh4icy22\" id=\"field_qh4icy22_label\" class=\"frm_primary_label\">Nombre\r\n\t\t<span class=\"frm_required\" aria-hidden=\"true\"><\/span>\r\n\t<\/label>\r\n\t<input type=\"text\" id=\"field_qh4icy22\" name=\"item_meta[12]\" value=\"\"  data-invmsg=\"Nombre no es v\u00e1lido\" aria-invalid=\"false\"   aria-describedby=\"frm_desc_field_qh4icy22\"\/>\r\n\t<div class=\"frm_description\" id=\"frm_desc_field_qh4icy22\">First<\/div>\r\n\t\r\n<\/div>\n<div id=\"frm_field_13_container\" class=\"frm_form_field form-field  frm_hidden_container frm_half\">\r\n\t<label for=\"field_ocfup122\" id=\"field_ocfup122_label\" class=\"frm_primary_label\">Apellido\r\n\t\t<span class=\"frm_required\" aria-hidden=\"true\"><\/span>\r\n\t<\/label>\r\n\t<input type=\"text\" id=\"field_ocfup122\" name=\"item_meta[13]\" value=\"\"  data-invmsg=\"Apellido no es v\u00e1lido\" aria-invalid=\"false\"   aria-describedby=\"frm_desc_field_ocfup122\"\/>\r\n\t<div class=\"frm_description\" id=\"frm_desc_field_ocfup122\">Last<\/div>\r\n\t\r\n<\/div>\n<div id=\"frm_field_14_container\" class=\"frm_form_field form-field  frm_required_field frm_top_container frm_full\">\r\n\t<label for=\"field_29yf4d22\" id=\"field_29yf4d22_label\" class=\"frm_primary_label\">Email\r\n\t\t<span class=\"frm_required\" aria-hidden=\"true\">*<\/span>\r\n\t<\/label>\r\n\t<input type=\"email\" id=\"field_29yf4d22\" name=\"item_meta[14]\" value=\"\"  data-reqmsg=\"Email no puede estar en blanco.\" aria-required=\"true\" data-invmsg=\"Please enter a valid email address\" aria-invalid=\"false\"  \/>\r\n\t\r\n\t\r\n<\/div>\n<div id=\"frm_field_18_container\" class=\"frm_form_field form-field  frm_top_container\">\n\t<label for=\"field_j1i86\" id=\"field_j1i86_label\" class=\"frm_primary_label\">Web\/URL\n\t\t<span class=\"frm_required\" aria-hidden=\"true\"><\/span>\n\t<\/label>\n\t<input type=\"url\" id=\"field_j1i86\" name=\"item_meta[18]\" value=\"\"  data-invmsg=\"Web\/URL no es v\u00e1lido\" aria-invalid=\"false\"  \/>\n\t\n\t\n<\/div>\n<div id=\"frm_field_19_container\" class=\"frm_form_field form-field  frm_required_field frm_top_container\">\n\t<label for=\"field_n1ajl\" id=\"field_n1ajl_label\" class=\"frm_primary_label\">Lista desplegable\n\t\t<span class=\"frm_required\" aria-hidden=\"true\">*<\/span>\n\t<\/label>\n\t\t\t<select name=\"item_meta[19]\" id=\"field_n1ajl\"  data-reqmsg=\"Lista desplegable no puede estar en blanco.\" aria-required=\"true\" data-invmsg=\"Lista desplegable no es v\u00e1lido\" aria-invalid=\"false\"  >\n\t\t<option  value=\"PAQUETE DE VIAJE MUSICAL A CUBA\">PAQUETE DE VIAJE MUSICAL A CUBA<\/option><option  value=\"TOUR PRIVADO POR ALCAL\u00c1 DE HENARES\">TOUR PRIVADO POR ALCAL\u00c1 DE HENARES<\/option><option  value=\"ASESOR\u00cdA PERSONALIZADA\">ASESOR\u00cdA PERSONALIZADA<\/option><option  value=\"ASESOR\u00cdA EXPRES SOBRE CUBA\">ASESOR\u00cdA EXPRES SOBRE CUBA<\/option><option  value=\"\" selected='selected'> <\/option>\t<\/select>\n\t\n\t\n\t\n<\/div>\n<div id=\"frm_field_16_container\" class=\"frm_form_field form-field  frm_required_field frm_top_container frm_full\">\r\n\t<label for=\"field_9jv0r122\" id=\"field_9jv0r122_label\" class=\"frm_primary_label\">Mensaje\r\n\t\t<span class=\"frm_required\" aria-hidden=\"true\">*<\/span>\r\n\t<\/label>\r\n\t<textarea name=\"item_meta[16]\" id=\"field_9jv0r122\" rows=\"5\"  data-reqmsg=\"Mensaje no puede estar en blanco.\" aria-required=\"true\" data-invmsg=\"Mensaje no es v\u00e1lido\" aria-invalid=\"false\"  ><\/textarea>\r\n\t\r\n\t\r\n<\/div>\n<div id=\"frm_field_17_container\" class=\"frm_form_field form-field \">\r\n\t<div class=\"frm_submit\">\r\n\r\n<button class=\"frm_button_submit\" type=\"submit\"  >Enviar<\/button>\r\n\r\n<\/div>\r\n<\/div>\n\t<input type=\"hidden\" name=\"item_key\" value=\"\" \/>\n\t\t\t\t<div class=\"frm__66eb10f904c7c\">\n\t\t\t\t<label for=\"frm_email_3\" >\n\t\t\t\t\tSi eres humano, deja este campo en blanco.\t\t\t\t<\/label>\n\t\t\t\t<input  id=\"frm_email_3\" type=\"text\" class=\"frm_verify\" name=\"frm__66eb10f904c7c\" value=\"\" autocomplete=\"off\"  \/>\n\t\t\t<\/div>\n\t\t<\/div>\n<\/fieldset>\n<\/div>\n\n<p style=\"display: none !important;\" class=\"akismet-fields-container\" data-prefix=\"ak_\"><label>&#916;<textarea name=\"ak_hp_textarea\" cols=\"45\" rows=\"8\" maxlength=\"100\"><\/textarea><\/label><input type=\"hidden\" id=\"ak_js_1\" name=\"ak_js\" value=\"57\"\/><script>document.getElementById( \"ak_js_1\" ).setAttribute( \"value\", ( new Date() ).getTime() );<\/script><\/p><\/form>\n<\/div>\n","protected":false},"excerpt":{"rendered":"<p>Si tienes dudas sobre alguno de los destinos o actividades que hemos realizado, o en particular con Cuba; no te cortes preg\u00fantanos. Con gusto te ayudaremos .. Escr\u00edbenos a trav\u00e9s del siguiente formulario y te contestaremos por email tan r\u00e1pido como podamos. Nosotros (Maca y Gaviota), te agradecemos de antemano por ponerte en contacto, estaremos &hellip; <\/p>\n<p class=\"link-more\"><a href=\"https:\/\/entrelahabanaymadrid.com\/index.php\/contact\/\" class=\"more-link\">Leer m\u00e1s<span class=\"screen-reader-text\"> \u00abContacto\u00bb<\/span><\/a><\/p>\n","protected":false},"author":1,"featured_media":97,"parent":0,"menu_order":0,"comment_status":"closed","ping_status":"closed","template":"","meta":{"om_disable_all_campaigns":false,"_monsterinsights_skip_tracking":false,"_monsterinsights_sitenote_active":false,"_monsterinsights_sitenote_note":"","_monsterinsights_sitenote_category":0,"footnotes":""},"class_list":["post-189","page","type-page","status-publish","has-post-thumbnail","hentry"],"aioseo_notices":[],"featured_media_urls":[],"_links":{"self":[{"href":"https:\/\/entrelahabanaymadrid.com\/index.php\/wp-json\/wp\/v2\/pages\/189","targetHints":{"allow":["GET"]}}],"collection":[{"href":"https:\/\/entrelahabanaymadrid.com\/index.php\/wp-json\/wp\/v2\/pages"}],"about":[{"href":"https:\/\/entrelahabanaymadrid.com\/index.php\/wp-json\/wp\/v2\/types\/page"}],"author":[{"embeddable":true,"href":"https:\/\/entrelahabanaymadrid.com\/index.php\/wp-json\/wp\/v2\/users\/1"}],"replies":[{"embeddable":true,"href":"https:\/\/entrelahabanaymadrid.com\/index.php\/wp-json\/wp\/v2\/comments?post=189"}],"version-history":[{"count":8,"href":"https:\/\/entrelahabanaymadrid.com\/index.php\/wp-json\/wp\/v2\/pages\/189\/revisions"}],"predecessor-version":[{"id":7155,"href":"https:\/\/entrelahabanaymadrid.com\/index.php\/wp-json\/wp\/v2\/pages\/189\/revisions\/7155"}],"wp:featuredmedia":[{"embeddable":true,"href":"https:\/\/entrelahabanaymadrid.com\/index.php\/wp-json\/"}],"wp:attachment":[{"href":"https:\/\/entrelahabanaymadrid.com\/index.php\/wp-json\/wp\/v2\/media?parent=189"}],"curies":[{"name":"wp","href":"https:\/\/api.w.org\/{rel}","templated":true}]}}