{"id":46,"date":"2024-04-06T15:08:02","date_gmt":"2024-04-06T15:08:02","guid":{"rendered":"https:\/\/entrelahabanaymadrid.com\/?page_id=46"},"modified":"2024-10-22T16:50:52","modified_gmt":"2024-10-22T16:50:52","slug":"asesorias-de-viaje","status":"publish","type":"page","link":"https:\/\/entrelahabanaymadrid.com\/index.php\/asesorias-de-viaje\/","title":{"rendered":"\u00abDISE\u00d1AMOS TU VIAJE\u00bb"},"content":{"rendered":"\n<h1 class=\"wp-block-heading has-text-align-center has-black-color has-white-background-color has-text-color has-background has-link-color wp-elements-1b10b15248cc7858f3cbfc9353434011\"><strong><mark style=\"background-color:rgba(0, 0, 0, 0)\" class=\"has-inline-color has-vivid-cyan-blue-color\">\u00bfC\u00f3mo comienzan la asesor\u00eda de viajes?<\/mark><\/strong><\/h1>\n\n\n\n<p>En mi d\u00eda a d\u00eda siempre estamos organizando viajes. Nuestros amigos y\/o los compis del trabajo comenzaron a preguntarnos que porque no los asesor\u00e1bamos en sus viajes o les reserv\u00e1ramos las actividades, c\u00f3mo consegu\u00edamos los vuelos baratos o d\u00f3nde miro para planificarlos.<\/p>\n\n\n\n<p>Solemos recibir mensajes de \u201ceste finde quiero hacer una escapada a donde me puedo ir\u201d, me voy de viaje a \u201c\u00bfme ayudas un poco con los vuelos?\u201d, \u00bfay\u00fadame a organizar el camino de Santiago?, \u201cvoy a cuba \u00bfme ayudas a preparar el viaje?\u201d<\/p>\n\n\n\n<p>Planificar un viaje toma su tiempo y m\u00e1s cuando queremos economizar o simplemente desconocemos todo sobre ese pa\u00eds. \u00bfNecesito visa?, \u00bfD\u00f3nde se obtiene? \u00bfCon que tiempo de antelaci\u00f3n? \u00bfQu\u00e9 moneda usa ese pa\u00eds? Cosas tan simples se te pueden olvidar a la hora de planificar un viaje que puede ser un tormento.<\/p>\n\n\n\n<p>Dise\u00f1ar tu viaje a medida es una idea emocionante, pero que, tambi\u00e9n, te puede dar alg\u00fan que otro dolor de cabeza. La falta de tiempo, deseos o el desconocimiento a la hora de dise\u00f1ar un itinerario pueden mandar a la porra tu presupuesto por no poner el foco donde de verdad importa.<\/p>\n\n\n\n<p>Al tener ya algunos viajes en cartera puede decirte que sabemos de cerca los detalles que se requieren para la organizaci\u00f3n de un viaje y la incertidumbre que se tiene cuando vas a visitar un pa\u00eds nuevo. Hay pa\u00edses muy f\u00e1ciles o que nos parecen f\u00e1ciles por la cercan\u00eda al nuestro pero cada pa\u00eds es un mundo diferente.<\/p>\n\n\n\n<div style=\"height:47px\" aria-hidden=\"true\" class=\"wp-block-spacer\"><\/div>\n\n\n\n<div class=\"wp-block-group wp-container-content-2 is-vertical is-nowrap is-layout-flex wp-container-core-group-is-layout-1 wp-block-group-is-layout-flex\">\n<p class=\"has-text-align-center has-source-serif-pro-font-family has-text-color\" style=\"color:#d8a557;font-size:clamp(43.728px, 2.733rem + ((1vw - 3.2px) * 4.195), 84px);font-style:italic;font-weight:900;letter-spacing:-4px;line-height:0.8;text-transform:none\">\u00a1No asesoramos viajes de destinos que no hemos visitado! <\/p>\n<\/div>\n\n\n\n<div style=\"height:51px\" aria-hidden=\"true\" class=\"wp-block-spacer\"><\/div>\n\n\n\n<h2 class=\"wp-block-heading has-text-align-center alignwide has-vivid-cyan-blue-color has-text-color has-link-color wp-elements-57f49722bc945c848a01bdce3ab02d0f\" id=\"we-re-a-studio-in-berlin-with-an-international-practice-in-architecture-urban-planning-and-interior-design-we-believe-in-sharing-knowledge-and-promoting-dialogue-to-increase-the-creative-potential-of-collaboration\" style=\"font-size:clamp(27.894px, 1.743rem + ((1vw - 3.2px) * 2.094), 48px);line-height:1.1\"><strong>El viaje comienza cuando lo sue\u00f1as<\/strong>.  \u00a1C<strong>u\u00e9ntanoslo y lo hacemos realidad! <\/strong><\/h2>\n\n\n\n<div style=\"height:54px\" aria-hidden=\"true\" class=\"wp-block-spacer\"><\/div>\n\n\n\n<figure class=\"wp-block-gallery has-nested-images columns-default is-cropped wp-block-gallery-1 is-layout-flex wp-block-gallery-is-layout-flex\"><\/figure>\n\n\n\n<div style=\"height:38px\" aria-hidden=\"true\" class=\"wp-block-spacer\"><\/div>\n\n\n\n<h1 class=\"wp-block-heading has-text-align-center\">\u00bfPor qu\u00e9<strong> tomar una asesor\u00eda de viaje con nosotros?<\/strong><\/h1>\n\n\n\n<div class=\"wp-block-buttons is-content-justification-center is-layout-flex wp-container-core-buttons-is-layout-1 wp-block-buttons-is-layout-flex\">\n<div class=\"wp-block-button has-custom-width wp-block-button__width-100 is-style-outline is-style-outline--2\"><a class=\"wp-block-button__link wp-element-button\">\u00a1No asesoramos viajes de destinos que no hemos visitado!<\/a><\/div>\n\n\n\n<div class=\"wp-block-button has-custom-width wp-block-button__width-100 is-style-outline is-style-outline--3\"><a class=\"wp-block-button__link wp-element-button\">Te ayudaremos a dise\u00f1ar un itinerario 100% adaptado a tus preferencias y necesidades, como si fuera uno de nuestros propios viajes, pero pensando en t\u00ed, para que aproveches al m\u00e1ximo tu presupuesto y que tu mayor preocupaci\u00f3n sea volver con una mochila llena de recuerdos.<\/a><\/div>\n\n\n\n<div class=\"wp-block-button has-custom-width wp-block-button__width-100 is-style-outline is-style-outline--4\"><a class=\"wp-block-button__link wp-element-button\">Tanto cuando organizamos nuestros viajes o asesoramos a otros no podemos dejar de pensar como turista, como viajeros o nativos. \u00bb el equilibrio est\u00e1 en el punto justo\u00bb. <\/a><\/div>\n\n\n\n<div class=\"wp-block-button has-custom-width wp-block-button__width-100 is-style-outline is-style-outline--5\"><a class=\"wp-block-button__link wp-element-button\">Hay turistadas que siempre tocan; pero nuestro plan no ser\u00e1 el t\u00edpico sino ese de los rincones con encanto; que s\u00f3lo por vivir en el destino o verlo explorado previamente puedes recomendar.<\/a><\/div>\n<\/div>\n\n\n\n<div style=\"height:26px\" aria-hidden=\"true\" class=\"wp-block-spacer\"><\/div>\n\n\n\n<p class=\"has-large-font-size\"><strong>SI &#8230;.<\/strong><\/p>\n\n\n\n<ul class=\"wp-block-list\">\n<li>No tienes idea por d\u00f3nde empezar a planificar tu viaje.<\/li>\n\n\n\n<li>Me encanta viajar, pero no me gusta nada planificarlo.<\/li>\n\n\n\n<li>Quiero un viaje diferente pero no se como hacerlo para este destino ni tengo tiempo.<\/li>\n\n\n\n<li>Si bien es cierto que tengo mucha informaci\u00f3n para planificar mi viaje quiero que mi viaje de los sue\u00f1os se convierta en un total caos.<\/li>\n\n\n\n<li>No s\u00e9 c\u00f3mo qu\u00e9 seguro m\u00e9dico contratar, c\u00f3mo organizar toda la log\u00edstica del viaje\u2026<\/li>\n\n\n\n<li>Quiero que preparas nuestra luna de miel, mi despedida de soltera(o). <\/li>\n\n\n\n<li>Confi\u00f3 en vosotros para que me planifiquen la mejor experiencia y dedicar mi tiempo a otras cosas.<\/li>\n<\/ul>\n\n\n\n<div style=\"height:34px\" aria-hidden=\"true\" class=\"wp-block-spacer\"><\/div>\n\n\n\n<p class=\"has-large-font-size\"><strong>ENTONCES &#8230;.<\/strong><\/p>\n\n\n\n<div style=\"height:33px\" aria-hidden=\"true\" class=\"wp-block-spacer\"><\/div>\n\n\n\n<div class=\"wp-block-columns alignwide is-layout-flex wp-container-core-columns-is-layout-1 wp-block-columns-is-layout-flex\" style=\"margin-bottom:0\">\n<div class=\"wp-block-column has-text-color has-background has-link-color wp-elements-407edf1f4fd353b477e1d1b809273679 is-layout-flow wp-block-column-is-layout-flow\" style=\"color:#000000;background-color:#ffe97d;padding-top:2em;padding-right:2em;padding-bottom:2em;padding-left:2em\">\n<h2 class=\"wp-block-heading\" id=\"single\" style=\"font-size:clamp(24.034px, 1.502rem + ((1vw - 3.2px) * 1.663), 40px);\"><strong>Paso uno..<\/strong><\/h2>\n\n\n\n<hr class=\"wp-block-separator has-text-color has-css-opacity has-background is-style-wide\" style=\"background-color:#000000;color:#000000\"\/>\n\n\n\n<p>Decide a d\u00f3nde, cu\u00e1ndo y con qui\u00e9n quieres vivir esta aventura.<\/p>\n\n\n\n<figure class=\"wp-block-image aligncenter size-large is-resized\"><img fetchpriority=\"high\" decoding=\"async\" width=\"768\" height=\"1024\" src=\"https:\/\/mlq4asw8qs53.i.optimole.com\/w:768\/h:1024\/q:mauto\/ig:avif\/https:\/\/entrelahabanaymadrid.com\/wp-content\/uploads\/2024\/05\/img_2874.jpg\" alt=\"\" class=\"wp-image-1104\" style=\"width:149px;height:auto\" srcset=\"https:\/\/mlq4asw8qs53.i.optimole.com\/w:768\/h:1024\/q:mauto\/ig:avif\/https:\/\/entrelahabanaymadrid.com\/wp-content\/uploads\/2024\/05\/img_2874.jpg 768w, https:\/\/mlq4asw8qs53.i.optimole.com\/w:225\/h:300\/q:mauto\/ig:avif\/https:\/\/entrelahabanaymadrid.com\/wp-content\/uploads\/2024\/05\/img_2874.jpg 225w, https:\/\/mlq4asw8qs53.i.optimole.com\/w:810\/h:1080\/q:mauto\/ig:avif\/https:\/\/entrelahabanaymadrid.com\/wp-content\/uploads\/2024\/05\/img_2874.jpg 1152w, https:\/\/mlq4asw8qs53.i.optimole.com\/w:810\/h:1080\/q:mauto\/ig:avif\/https:\/\/entrelahabanaymadrid.com\/wp-content\/uploads\/2024\/05\/img_2874.jpg 1536w, https:\/\/mlq4asw8qs53.i.optimole.com\/w:810\/h:1080\/q:mauto\/ig:avif\/https:\/\/entrelahabanaymadrid.com\/wp-content\/uploads\/2024\/05\/img_2874.jpg 1140w, https:\/\/mlq4asw8qs53.i.optimole.com\/w:600\/h:800\/q:mauto\/ig:avif\/https:\/\/entrelahabanaymadrid.com\/wp-content\/uploads\/2024\/05\/img_2874-scaled.jpg 600w, https:\/\/mlq4asw8qs53.i.optimole.com\/w:810\/h:1080\/q:mauto\/ig:avif\/https:\/\/entrelahabanaymadrid.com\/wp-content\/uploads\/2024\/05\/img_2874-scaled.jpg 1200w, https:\/\/mlq4asw8qs53.i.optimole.com\/w:auto\/h:auto\/q:mauto\/ig:avif\/https:\/\/entrelahabanaymadrid.com\/wp-content\/uploads\/2024\/05\/img_2874-scaled.jpg 1920w\" sizes=\"(max-width: 768px) 100vw, 768px\" \/><\/figure>\n<\/div>\n\n\n\n<div class=\"wp-block-column has-text-color has-background has-link-color wp-elements-fa9d9a9a53d0c49b99560afa837a3d19 is-layout-flow wp-block-column-is-layout-flow\" style=\"color:#000000;background-color:#d1d1e1;padding-top:2em;padding-right:2em;padding-bottom:2em;padding-left:2em\">\n<h2 class=\"wp-block-heading\" id=\"family\" style=\"font-size:clamp(24.034px, 1.502rem + ((1vw - 3.2px) * 1.663), 40px);\"><strong><strong>Paso dos..<\/strong><\/strong><\/h2>\n\n\n\n<figure class=\"wp-block-image aligncenter size-large is-resized\"><img fetchpriority=\"high\" decoding=\"async\" width=\"796\" height=\"1024\" src=\"https:\/\/mlq4asw8qs53.i.optimole.com\/w:796\/h:1024\/q:mauto\/ig:avif\/https:\/\/entrelahabanaymadrid.com\/wp-content\/uploads\/2024\/04\/7d586cf5-f5ca-4438-b5ba-d9cf1a4d8870-1.jpg\" alt=\"\" class=\"wp-image-819\" style=\"width:130px;height:auto\" srcset=\"https:\/\/mlq4asw8qs53.i.optimole.com\/w:796\/h:1024\/q:mauto\/ig:avif\/https:\/\/entrelahabanaymadrid.com\/wp-content\/uploads\/2024\/04\/7d586cf5-f5ca-4438-b5ba-d9cf1a4d8870-1.jpg 796w, https:\/\/mlq4asw8qs53.i.optimole.com\/w:233\/h:300\/q:mauto\/ig:avif\/https:\/\/entrelahabanaymadrid.com\/wp-content\/uploads\/2024\/04\/7d586cf5-f5ca-4438-b5ba-d9cf1a4d8870-1.jpg 233w, https:\/\/mlq4asw8qs53.i.optimole.com\/w:768\/h:988\/q:mauto\/ig:avif\/https:\/\/entrelahabanaymadrid.com\/wp-content\/uploads\/2024\/04\/7d586cf5-f5ca-4438-b5ba-d9cf1a4d8870-1.jpg 768w, https:\/\/mlq4asw8qs53.i.optimole.com\/w:839\/h:1080\/q:mauto\/ig:avif\/https:\/\/entrelahabanaymadrid.com\/wp-content\/uploads\/2024\/04\/7d586cf5-f5ca-4438-b5ba-d9cf1a4d8870-1.jpg 1194w, https:\/\/mlq4asw8qs53.i.optimole.com\/w:839\/h:1080\/q:mauto\/ig:avif\/https:\/\/entrelahabanaymadrid.com\/wp-content\/uploads\/2024\/04\/7d586cf5-f5ca-4438-b5ba-d9cf1a4d8870-1.jpg 1140w, https:\/\/mlq4asw8qs53.i.optimole.com\/w:auto\/h:auto\/q:mauto\/ig:avif\/https:\/\/entrelahabanaymadrid.com\/wp-content\/uploads\/2024\/04\/7d586cf5-f5ca-4438-b5ba-d9cf1a4d8870-1.jpg 1373w\" sizes=\"(max-width: 796px) 100vw, 796px\" \/><\/figure>\n\n\n\n<p>Hagamos una video llamada para conocernos y saber un poco m\u00e1s sobre tu viaje so\u00f1ado. <\/p>\n<\/div>\n\n\n\n<div class=\"wp-block-column has-text-color has-background has-link-color wp-elements-b29693c766694f6e0f4d199416b35eb7 is-layout-flow wp-block-column-is-layout-flow\" style=\"color:#000000;background-color:#c0ebf1;padding-top:2em;padding-right:2em;padding-bottom:2em;padding-left:2em\">\n<h2 class=\"wp-block-heading\" id=\"patron\" style=\"font-size:clamp(24.034px, 1.502rem + ((1vw - 3.2px) * 1.663), 40px);\"><strong><strong>Paso tres..<\/strong><\/strong><\/h2>\n\n\n\n<hr class=\"wp-block-separator has-css-opacity is-style-wide\"\/>\n\n\n\n<p>Durante la planificaci\u00f3n estaremos en contacto para concretar los pasos. Te ayudaremos con la ruta, alojamientos, documentaci\u00f3n, vuelos&#8230; es decir, con todo lo necesario para que el viaje sea el so\u00f1ado.<\/p>\n<\/div>\n<\/div>\n\n\n\n<div class=\"wp-block-group alignfull has-text-color has-background is-layout-flow wp-block-group-is-layout-flow\" style=\"color:#000000;background-color:#ffffff\">\n<div style=\"height:38px\" aria-hidden=\"true\" class=\"wp-block-spacer\"><\/div>\n\n\n\n<h2 class=\"wp-block-heading has-text-align-center\" id=\"schedule-a-visit\" style=\"font-size:clamp(32.969px, 2.061rem + ((1vw - 3.2px) * 2.712), 59px);px;line-height:1.15\"><strong>Programa una visita<\/strong><\/h2>\n\n\n\n<div class=\"wp-block-buttons is-horizontal is-content-justification-center is-layout-flex wp-container-core-buttons-is-layout-2 wp-block-buttons-is-layout-flex\">\n<div class=\"wp-block-button has-custom-width wp-block-button__width-50\"><a class=\"wp-block-button__link has-text-color has-background wp-element-button\" href=\"https:\/\/entrelahabanaymadrid.com\/index.php\/contact\/\" style=\"border-radius:50px;color:#ffffff;background-color:#000000\">Cont\u00e1ctanos<\/a><\/div>\n<\/div>\n\n\n\n<div style=\"height:64px\" aria-hidden=\"true\" class=\"wp-block-spacer\"><\/div>\n<\/div>\n\n\n\n<hr class=\"wp-block-separator has-alpha-channel-opacity is-style-dots\"\/>\n\n\n","protected":false},"excerpt":{"rendered":"<p>\u00bfC\u00f3mo comienzan la asesor\u00eda de viajes? En mi d\u00eda a d\u00eda siempre estamos organizando viajes. Nuestros amigos y\/o los compis del trabajo comenzaron a preguntarnos que porque no los asesor\u00e1bamos en sus viajes o les reserv\u00e1ramos las actividades, c\u00f3mo consegu\u00edamos los vuelos baratos o d\u00f3nde miro para planificarlos. Solemos recibir mensajes de \u201ceste finde quiero &hellip; <\/p>\n<p class=\"link-more\"><a href=\"https:\/\/entrelahabanaymadrid.com\/index.php\/asesorias-de-viaje\/\" class=\"more-link\">Leer m\u00e1s<span class=\"screen-reader-text\"> \u00ab\u00abDISE\u00d1AMOS TU VIAJE\u00bb\u00bb<\/span><\/a><\/p>\n","protected":false},"author":1,"featured_media":0,"parent":0,"menu_order":0,"comment_status":"closed","ping_status":"closed","template":"","meta":{"om_disable_all_campaigns":false,"_monsterinsights_skip_tracking":false,"_monsterinsights_sitenote_active":false,"_monsterinsights_sitenote_note":"","_monsterinsights_sitenote_category":0,"footnotes":""},"class_list":["post-46","page","type-page","status-publish","hentry"],"aioseo_notices":[],"featured_media_urls":[],"_links":{"self":[{"href":"https:\/\/entrelahabanaymadrid.com\/index.php\/wp-json\/wp\/v2\/pages\/46","targetHints":{"allow":["GET"]}}],"collection":[{"href":"https:\/\/entrelahabanaymadrid.com\/index.php\/wp-json\/wp\/v2\/pages"}],"about":[{"href":"https:\/\/entrelahabanaymadrid.com\/index.php\/wp-json\/wp\/v2\/types\/page"}],"author":[{"embeddable":true,"href":"https:\/\/entrelahabanaymadrid.com\/index.php\/wp-json\/wp\/v2\/users\/1"}],"replies":[{"embeddable":true,"href":"https:\/\/entrelahabanaymadrid.com\/index.php\/wp-json\/wp\/v2\/comments?post=46"}],"version-history":[{"count":11,"href":"https:\/\/entrelahabanaymadrid.com\/index.php\/wp-json\/wp\/v2\/pages\/46\/revisions"}],"predecessor-version":[{"id":7010,"href":"https:\/\/entrelahabanaymadrid.com\/index.php\/wp-json\/wp\/v2\/pages\/46\/revisions\/7010"}],"wp:attachment":[{"href":"https:\/\/entrelahabanaymadrid.com\/index.php\/wp-json\/wp\/v2\/media?parent=46"}],"curies":[{"name":"wp","href":"https:\/\/api.w.org\/{rel}","templated":true}]}}